{"id":14073,"date":"2025-05-28T11:12:21","date_gmt":"2025-05-28T11:12:21","guid":{"rendered":"https:\/\/www.evotec.es\/?page_id=14073"},"modified":"2025-05-28T11:12:21","modified_gmt":"2025-05-28T11:12:21","slug":"contact-2","status":"publish","type":"page","link":"https:\/\/www.evotec.es\/en\/contact-2\/","title":{"rendered":"Contact"},"content":{"rendered":"<div class=\"wpb-content-wrapper\">[vc_row][vc_column css=&#8221;.vc_custom_1745505153286{margin-bottom: 50px !important;}&#8221;][vc_empty_space height=&#8221;20px&#8221;][vc_row_inner][vc_column_inner width=&#8221;1\/2&#8243;][vc_column_text css=&#8221;.vc_custom_1748428264370{margin-top: 0px !important;margin-bottom: 0px !important;}&#8221;]\n<h1 style=\"text-align: left;\"><strong style=\"letter-spacing: 0.05em;\"><span style=\"color: #e4a221;\">Rely on experts for the<\/span> maintenance and security of <\/strong><strong>your business<\/strong><\/h1>\n[\/vc_column_text][\/vc_column_inner][vc_column_inner width=&#8221;1\/2&#8243;][\/vc_column_inner][\/vc_row_inner][\/vc_column][\/vc_row][vc_row][vc_column width=&#8221;1\/2&#8243;][vc_row_inner][vc_column_inner css=&#8221;.vc_custom_1745505346597{padding-top: 30px !important;padding-right: 30px !important;padding-bottom: 30px !important;padding-left: 50px !important;background-color: rgba(201,201,201,0.5) !important;background-position: 0 0 !important;background-repeat: no-repeat !important;*background-color: rgb(201,201,201) !important;}&#8221;][vc_empty_space height=&#8221;20px&#8221;][vc_column_text css=&#8221;.vc_custom_1748428290854{padding-bottom: 0px !important;}&#8221;]<span style=\"color: #000000; font-size: 20px;\">If you have any questions, please fill out the form and we will contact you as soon as possible.<\/span>[\/vc_column_text]\n<div class=\"wpcf7 no-js\" id=\"wpcf7-f1499-o1\" lang=\"es-ES\" dir=\"ltr\" data-wpcf7-id=\"1499\">\n<div class=\"screen-reader-response\"><p role=\"status\" aria-live=\"polite\" aria-atomic=\"true\"><\/p> <ul><\/ul><\/div>\n<form action=\"\/en\/wp-json\/wp\/v2\/pages\/14073#wpcf7-f1499-o1\" method=\"post\" class=\"wpcf7-form init wpcf7-acceptance-as-validation\" aria-label=\"Formulario de contacto\" novalidate=\"novalidate\" data-status=\"init\">\n<fieldset class=\"hidden-fields-container\"><input type=\"hidden\" name=\"_wpcf7\" value=\"1499\" \/><input type=\"hidden\" name=\"_wpcf7_version\" value=\"6.1.5\" \/><input type=\"hidden\" name=\"_wpcf7_locale\" value=\"es_ES\" \/><input type=\"hidden\" name=\"_wpcf7_unit_tag\" value=\"wpcf7-f1499-o1\" \/><input type=\"hidden\" name=\"_wpcf7_container_post\" value=\"0\" \/><input type=\"hidden\" name=\"_wpcf7_posted_data_hash\" value=\"\" \/>\n<\/fieldset>\n<p><span class=\"wpcf7-form-control-wrap\" data-name=\"your-name\"><input size=\"40\" maxlength=\"400\" class=\"wpcf7-form-control wpcf7-text wpcf7-validates-as-required\" aria-required=\"true\" aria-invalid=\"false\" placeholder=\"Nombre\" value=\"\" type=\"text\" name=\"your-name\" \/><\/span>\n<\/p>\n<p><span class=\"wpcf7-form-control-wrap\" data-name=\"tel-462\"><input size=\"40\" maxlength=\"400\" class=\"wpcf7-form-control wpcf7-tel wpcf7-validates-as-required wpcf7-text wpcf7-validates-as-tel\" aria-required=\"true\" aria-invalid=\"false\" placeholder=\"Tel\u00e9fono\" value=\"\" type=\"tel\" name=\"tel-462\" \/><\/span>\n<\/p>\n<p><span class=\"wpcf7-form-control-wrap\" data-name=\"your-email\"><input size=\"40\" maxlength=\"400\" class=\"wpcf7-form-control wpcf7-email wpcf7-validates-as-required wpcf7-text wpcf7-validates-as-email\" aria-required=\"true\" aria-invalid=\"false\" placeholder=\"Email@gmail.com\" value=\"\" type=\"email\" name=\"your-email\" \/><\/span>\n<\/p>\n<p><span class=\"wpcf7-form-control-wrap\" data-name=\"your-message\"><textarea cols=\"40\" rows=\"10\" maxlength=\"2000\" class=\"wpcf7-form-control wpcf7-textarea\" aria-invalid=\"false\" placeholder=\"Escribe aqu\u00ed tu consulta\" name=\"your-message\"><\/textarea><\/span>\n<\/p>\n<p>Escribe los caracteres que ves en la imagen:\n<\/p>\n<p><input type=\"hidden\" name=\"_wpcf7_captcha_challenge_captcha-149\" value=\"2608545314\" \/><img loading=\"lazy\" decoding=\"async\" class=\"wpcf7-form-control wpcf7-captchac wpcf7-captcha-captcha-149\" width=\"72\" height=\"24\" alt=\"captcha\" src=\"https:\/\/www.evotec.es\/wp-content\/uploads\/wpcf7_captcha\/2608545314.png\" \/>\n<\/p>\n<p><span class=\"wpcf7-form-control-wrap\" data-name=\"captcha-149\"><input size=\"40\" class=\"wpcf7-form-control wpcf7-captchar\" autocomplete=\"off\" aria-invalid=\"false\" value=\"\" type=\"text\" name=\"captcha-149\" \/><\/span>\n<\/p>\n<p><span class=\"wpcf7-form-control-wrap\" data-name=\"acceptance-491\"><span class=\"wpcf7-form-control wpcf7-acceptance\"><span class=\"wpcf7-list-item\"><label><input type=\"checkbox\" name=\"acceptance-491\" value=\"1\" aria-invalid=\"false\" \/><span class=\"wpcf7-list-item-label\">El env\u00edo del presente formulario implica que ha le\u00eddo y acepta nuestra <a href=\"https:\/\/www.evotec.es\/uso-y-privacidad\/\">Pol\u00edtica de Privacidad <\/a> y <a href=\"https:\/\/www.evotec.es\/aviso-legal\/\"> Aviso Legal<\/a><\/span><\/label><\/span><\/span><\/span><br \/>\n<span class=\"wpcf7-form-control-wrap\" data-name=\"checkbox-954\"><span class=\"wpcf7-form-control wpcf7-checkbox\"><span class=\"wpcf7-list-item first last\"><input type=\"checkbox\" name=\"checkbox-954[]\" value=\"Si desea recibir el env\u00edo de newsletter, novedades comerciales y\/o nuevas promociones de nuestros servicios, marque esta casilla.\" \/><span class=\"wpcf7-list-item-label\">Si desea recibir el env\u00edo de newsletter, novedades comerciales y\/o nuevas promociones de nuestros servicios, marque esta casilla.<\/span><\/span><\/span><\/span>\n<\/p>\n<p style=\"font-size: 11px; line-height: 15px;\">www.evotec.es los datos de car\u00e1cter personal que proporcione en el presente formulario ser\u00e1n tratados por EVOTEC CONSULTING S.L. como responsable de esta web. La finalidad de la recogida y tratamiento de los datos personales que le solicitamos es para la gesti\u00f3n de su solicitud y env\u00edo de la informaci\u00f3n relacionada con esta. Los datos son tratados de acuerdo con su consentimiento y dentro de la relaci\u00f3n precontractual o contractual existente. Los datos no ser\u00e1n cedidos a terceros. Podr\u00e1 ejercer los derechos que le asisten en la normativa vigente: acceso, rectificaci\u00f3n, cancelaci\u00f3n, oposici\u00f3n, supresi\u00f3n y portabilidad en dpo@evotec.es as\u00ed como el derecho a presentar una reclamaci\u00f3n ante una autoridad de control. Puedes consultar la informaci\u00f3n adicional y detallada sobre Protecci\u00f3n de Datos en nuestra <a href=\"https:\/\/www.evotec.es\/uso-y-privacidad\/\">pol\u00edtica de privacidad<\/a> y detallada sobre Protecci\u00f3n de Datos en nuestra <a href=\"https:\/\/www.evotec.es\/uso-y-privacidad\/\">pol\u00edtica de privacidad<\/a>.\n<\/p>\n<p><input class=\"wpcf7-form-control wpcf7-submit has-spinner\" type=\"submit\" value=\"Enviar\" \/>\n<\/p><p style=\"display: none !important;\" class=\"akismet-fields-container\" data-prefix=\"_wpcf7_ak_\"><label>&#916;<textarea name=\"_wpcf7_ak_hp_textarea\" cols=\"45\" rows=\"8\" maxlength=\"100\"><\/textarea><\/label><input type=\"hidden\" id=\"ak_js_1\" name=\"_wpcf7_ak_js\" value=\"70\"\/><script>document.getElementById( \"ak_js_1\" ).setAttribute( \"value\", ( new Date() ).getTime() );<\/script><\/p><div class=\"wpcf7-response-output\" aria-hidden=\"true\"><\/div>\n<\/form>\n<\/div>\n[\/vc_column_inner][\/vc_row_inner][\/vc_column][vc_column width=&#8221;1\/2&#8243; css=&#8221;.vc_custom_1745508741706{margin-left: 5vw !important;}&#8221;][vc_row_inner][vc_column_inner offset=&#8221;vc_hidden-lg&#8221;][vc_empty_space height=&#8221;20px&#8221;][\/vc_column_inner][\/vc_row_inner][vc_column_text css=&#8221;.vc_custom_1748429253945{margin-top: 0px !important;margin-bottom: 0px !important;}&#8221;]\n<h2 style=\"font-size: 38px;\"><strong style=\"letter-spacing: 0.05em;\"><span style=\"color: #e4a221;\">Contact  <\/span>details<\/strong><\/h2>\n[\/vc_column_text][vc_empty_space height=&#8221;10px&#8221;][vc_column_text]\n<h3><i class=\"fa fa-phone\" aria-hidden=\"true\"><\/i> Phone Madrid: 911 390 040<br \/>\n<i class=\"fa fa-phone\" aria-hidden=\"true\"><\/i> Phone Barcelona: 932 128 472<br \/>\n<i class=\"fa fa-fax\" aria-hidden=\"true\"><\/i> FAX: 912 906 941<br \/>\n<i class=\"fa fa-envelope\" aria-hidden=\"true\"><\/i> Email: info@evotec.es<\/h3>\n[\/vc_column_text][vc_column_text css=&#8221;.vc_custom_1748430344150{margin-top: 0px !important;margin-bottom: 0px !important;margin-left: 5px !important;}&#8221;]\n<h2><strong>Work schedule<\/strong><\/h2>\n[\/vc_column_text][vc_empty_space height=&#8221;10px&#8221;][vc_column_text css=&#8221;.vc_custom_1748430565736{margin-left: 5px !important;}&#8221;]\n<h3><span style=\"color: #000000;\">Monday a Thursday: 9:00-19:00<\/span><br \/>\n<span style=\"color: #000000;\">Friday:\u00a0 9:00-15:00<\/span><\/h3>\n<p>&nbsp;<\/p>\n<h3><span style=\"color: #000000;\">Summer working hours (July and August)\u00a0 <\/span><\/h3>\n<h3><span style=\"color: #000000;\">Monday a Thursday:<\/span><span style=\"color: #000000;\"> 9:00-15:00<\/span><\/h3>\n[\/vc_column_text][vc_empty_space height=&#8221;10px&#8221;][vc_row_inner][vc_column_inner css=&#8221;.vc_custom_1745935355861{padding-top: 40px !important;padding-right: 40px !important;padding-bottom: 40px !important;padding-left: 40px !important;background-color: #1e73be !important;border-radius: 10px !important;}&#8221; offset=&#8221;vc_hidden-md vc_hidden-sm vc_hidden-xs&#8221;][vc_column_text]\n<h1 style=\"font-size: 30px;\"><span style=\"color: #ffffff;\"><strong style=\"letter-spacing: 0.05em;\">The support your company needs<\/strong><\/span><\/h1>\n<h4><span style=\"color: #ffffff;\">That&#8217;s why Evotec offers you customized maintenance, adapting to the needs of your company.<\/span><\/h4>\n[\/vc_column_text][\/vc_column_inner][\/vc_row_inner][\/vc_column][\/vc_row][vc_row][vc_column][vc_empty_space][\/vc_column][\/vc_row][vc_row row_type=&#8221;1&#8243;][vc_column css=&#8221;.vc_custom_1745508579428{margin-right: 0px !important;margin-left: 0px !important;padding-top: 80px !important;padding-right: 20vw !important;padding-bottom: 80px !important;padding-left: 20vw !important;background-color: #efefef !important;}&#8221;][vc_column_text]\n<h2 style=\"font-size: 38px; letter-spacing: 0.05em;\"><strong>Where are <span style=\"color: #ff9900;\">we?<\/span><\/strong><\/h2>\n[\/vc_column_text][vc_row_inner][vc_column_inner width=&#8221;1\/2&#8243; css=&#8221;.vc_custom_1745508511813{margin-right: 2vw !important;}&#8221;][vc_column_text]\n<h2 style=\"font-size: 38px;\"><span style=\"color: #1e73be;\"><strong style=\"letter-spacing: 0.05em;\">Madrid<\/strong><\/span><\/h2>\n[\/vc_column_text][vc_raw_html]JTNDaWZyYW1lJTIwc3JjJTNEJTIyaHR0cHMlM0ElMkYlMkZ3d3cuZ29vZ2xlLmNvbSUyRm1hcHMlMkZlbWJlZCUzRnBiJTNEJTIxMW0xOCUyMTFtMTIlMjExbTMlMjExZDMxOS4xOTYyMzY4MDY1MDA3JTIxMmQtMy42Mzc2NDYzMDMzOTkyODIlMjEzZDQwLjQzNzEyMTM2NTA3NDIxJTIxMm0zJTIxMWYwJTIxMmYwJTIxM2YwJTIxM20yJTIxMWkxMDI0JTIxMmk3NjglMjE0ZjEzLjElMjEzbTMlMjExbTIlMjExczB4ZDQyMmYxNDhjMmQ3YWViJTI1M0EweDE0NjBkYjY4ZjdkNGY1ODQlMjEyc0MuJTI1MjBkZSUyNTIwbG9zJTI1MjBIZXJtYW5vcyUyNTIwR2FyYyUyNUMzJTI1QURhJTI1MjBOb2JsZWphcyUyNTJDJTI1MjAyJTI1MkMlMjUyMENkYWQuJTI1MjBMaW5lYWwlMjUyQyUyNTIwMjgwMzclMjUyME1hZHJpZCUyMTVlMCUyMTNtMiUyMTFzZXMlMjEyc2VzJTIxNHYxNzQxNDU5ODM5NTIwJTIxNW0yJTIxMXNlcyUyMTJzZXMlMjIlMjB3aWR0aCUzRCUyMjEwMCUyNSUyMiUyMGhlaWdodCUzRCUyMjIwMCUyMiUyMHN0eWxlJTNEJTIyYm9yZGVyJTNBMCUzQiUyMiUyMGFsbG93ZnVsbHNjcmVlbiUzRCUyMiUyMiUyMGxvYWRpbmclM0QlMjJsYXp5JTIyJTIwcmVmZXJyZXJwb2xpY3klM0QlMjJuby1yZWZlcnJlci13aGVuLWRvd25ncmFkZSUyMiUzRSUzQyUyRmlmcmFtZSUzRQ==[\/vc_raw_html][vc_column_text]<strong>MADRID<\/strong><br \/>\nStreet Alcal\u00e1, 414, Office Floor 4, Cdad. Lineal, 28027 Madrid.<br \/>\nEntrance to offices by Street Hermanos Garc\u00eda Noblejas 2[\/vc_column_text][\/vc_column_inner][vc_column_inner width=&#8221;1\/2&#8243; css=&#8221;.vc_custom_1745508530021{margin-left: 2vw !important;}&#8221;][vc_column_text]\n<h2 style=\"font-size: 38px;\"><span style=\"color: #1e73be;\"><strong style=\"letter-spacing: 0.05em;\">Barcelona<\/strong><\/span><\/h2>\n[\/vc_column_text][vc_raw_html]JTNDaWZyYW1lJTIwc3JjJTNEJTIyaHR0cHMlM0ElMkYlMkZ3d3cuZ29vZ2xlLmNvbSUyRm1hcHMlMkZlbWJlZCUzRnBiJTNEJTIxMW0xOCUyMTFtMTIlMjExbTMlMjExZDI5OTMuMTg0MDA0Nzk4MzE0JTIxMmQyLjE0MDE4MDkxNTQyNTk0NSUyMTNkNDEuMzkxODEwMTc5MjYzNzE1JTIxMm0zJTIxMWYwJTIxMmYwJTIxM2YwJTIxM20yJTIxMWkxMDI0JTIxMmk3NjglMjE0ZjEzLjElMjEzbTMlMjExbTIlMjExczB4MTJhNDk4Nzc3OWE3ODVhZCUyNTNBMHg4YTY2Y2Q3NTYxYTVjM2E5JTIxMnNBdmVuaWRhJTI1MjBEaWFnb25hbCUyNTJDJTI1MjA0OTclMjUyQyUyNTIwMDgwMjklMjUyMEJhcmNlbG9uYSUyMTVlMCUyMTNtMiUyMTFzZXMlMjEyc2VzJTIxNHYxNjAyMDcyMTU4OTQ0JTIxNW0yJTIxMXNlcyUyMTJzZXMlMjIlMjB3aWR0aCUzRCUyMjEwMCUyNSUyMiUyMGhlaWdodCUzRCUyMjIwMCUyMiUyMGZyYW1lYm9yZGVyJTNEJTIyMCUyMiUyMHN0eWxlJTNEJTIyYm9yZGVyJTNBMCUzQiUyMiUyMGFsbG93ZnVsbHNjcmVlbiUzRCUyMiUyMiUyMGFyaWEtaGlkZGVuJTNEJTIyZmFsc2UlMjIlMjB0YWJpbmRleCUzRCUyMjAlMjIlM0UlM0MlMkZpZnJhbWUlM0U=[\/vc_raw_html][vc_column_text]<strong>BARCELONA<\/strong><br \/>\nAve.\u00a0Diagonal 497 Floor 5, 08029 Barcelona[\/vc_column_text][\/vc_column_inner][\/vc_row_inner][vc_row_inner][vc_column_inner css=&#8221;.vc_custom_1746454017582{margin-top: 2vw !important;}&#8221;][vc_column_text]\n<h2>We help you <strong>launch and maintain the business solutions<\/strong> your  <strong>company needs<\/strong> to accelerate its <strong>digital transformation.<\/strong><\/h2>\n[\/vc_column_text][\/vc_column_inner][\/vc_row_inner][\/vc_column][\/vc_row]\n<\/div>","protected":false},"excerpt":{"rendered":"<p>[vc_row][vc_column css=&#8221;.vc_custom_1745505153286{margin-bottom: 50px !important;}&#8221;][vc_empty_space height=&#8221;20px&#8221;][vc_row_inner][vc_column_inner width=&#8221;1\/2&#8243;][vc_column_text css=&#8221;.vc_custom_1748428264370{margin-top: 0px !important;margin-bottom: 0px !important;}&#8221;] Rely on experts for the maintenance and security of your business [\/vc_column_text][\/vc_column_inner][vc_column_inner width=&#8221;1\/2&#8243;][\/vc_column_inner][\/vc_row_inner][\/vc_column][\/vc_row][vc_row][vc_column width=&#8221;1\/2&#8243;][vc_row_inner][vc_column_inner css=&#8221;.vc_custom_1745505346597{padding-top: 30px !important;padding-right: 30px !important;padding-bottom: 30px !important;padding-left: 50px !important;background-color: rgba(201,201,201,0.5) !important;background-position: 0 0 !important;background-repeat: no-repeat !important;*background-color: rgb(201,201,201) !important;}&#8221;][vc_empty_space height=&#8221;20px&#8221;][vc_column_text css=&#8221;.vc_custom_1748428290854{padding-bottom: 0px !important;}&#8221;]If you have any questions, please fill out the form and we will contact you as soon as possible.[\/vc_column_text][\/vc_column_inner][\/vc_row_inner][\/vc_column][vc_column&#8230; <\/p>\n<p><a class=\"readmore\" href=\"https:\/\/www.evotec.es\/en\/contact-2\/\">Leer m\u00e1s<\/a><\/p>\n","protected":false},"author":1,"featured_media":0,"parent":0,"menu_order":0,"comment_status":"closed","ping_status":"closed","template":"","meta":{"content-type":"","footnotes":""},"class_list":["post-14073","page","type-page","status-publish","hentry"],"yoast_head":"<!-- This site is optimized with the Yoast SEO plugin v26.9 - https:\/\/yoast.com\/product\/yoast-seo-wordpress\/ -->\n<title>Contact - Evotec Consulting<\/title>\n<meta name=\"description\" content=\"Rely on experts for the maintenance and security of your businessIf you have any questions, please fill out the form and we will contact you as soon as\" \/>\n<meta name=\"robots\" content=\"index, follow, max-snippet:-1, max-image-preview:large, max-video-preview:-1\" \/>\n<link rel=\"canonical\" href=\"https:\/\/www.evotec.es\/en\/contact-2\/\" \/>\n<meta property=\"og:locale\" content=\"en_US\" \/>\n<meta property=\"og:type\" content=\"article\" \/>\n<meta property=\"og:title\" content=\"Contact - Evotec Consulting\" \/>\n<meta property=\"og:description\" content=\"Rely on experts for the maintenance and security of your businessIf you have any questions, please fill out the form and we will contact you as soon as\" \/>\n<meta property=\"og:url\" content=\"https:\/\/www.evotec.es\/en\/contact-2\/\" \/>\n<meta property=\"og:site_name\" content=\"Evotec Consulting | Mantenimiento inform\u00e1tico\" \/>\n<meta name=\"twitter:card\" content=\"summary_large_image\" \/>\n<meta name=\"twitter:label1\" content=\"Est. reading time\" \/>\n\t<meta name=\"twitter:data1\" content=\"2 minutes\" \/>\n<script type=\"application\/ld+json\" class=\"yoast-schema-graph\">{\"@context\":\"https:\/\/schema.org\",\"@graph\":[{\"@type\":\"WebPage\",\"@id\":\"https:\/\/www.evotec.es\/en\/contact-2\/\",\"url\":\"https:\/\/www.evotec.es\/en\/contact-2\/\",\"name\":\"Contact - Evotec Consulting\",\"isPartOf\":{\"@id\":\"https:\/\/www.evotec.es\/#website\"},\"datePublished\":\"2025-05-28T11:12:21+00:00\",\"description\":\"Rely on experts for the maintenance and security of your businessIf you have any questions, please fill out the form and we will contact you as soon as\",\"breadcrumb\":{\"@id\":\"https:\/\/www.evotec.es\/en\/contact-2\/#breadcrumb\"},\"inLanguage\":\"en-US\",\"potentialAction\":[{\"@type\":\"ReadAction\",\"target\":[\"https:\/\/www.evotec.es\/en\/contact-2\/\"]}]},{\"@type\":\"BreadcrumbList\",\"@id\":\"https:\/\/www.evotec.es\/en\/contact-2\/#breadcrumb\",\"itemListElement\":[{\"@type\":\"ListItem\",\"position\":1,\"name\":\"Inicio\",\"item\":\"https:\/\/www.evotec.es\/en\/\"},{\"@type\":\"ListItem\",\"position\":2,\"name\":\"Contact\"}]},{\"@type\":\"WebSite\",\"@id\":\"https:\/\/www.evotec.es\/#website\",\"url\":\"https:\/\/www.evotec.es\/\",\"name\":\"Evotec Consulting | Mantenimiento inform\u00e1tico\",\"description\":\"Mantenimiento inform\u00e1tico\",\"potentialAction\":[{\"@type\":\"SearchAction\",\"target\":{\"@type\":\"EntryPoint\",\"urlTemplate\":\"https:\/\/www.evotec.es\/?s={search_term_string}\"},\"query-input\":{\"@type\":\"PropertyValueSpecification\",\"valueRequired\":true,\"valueName\":\"search_term_string\"}}],\"inLanguage\":\"en-US\"}]}<\/script>\n<!-- \/ Yoast SEO plugin. -->","yoast_head_json":{"title":"Contact - Evotec Consulting","description":"Rely on experts for the maintenance and security of your businessIf you have any questions, please fill out the form and we will contact you as soon as","robots":{"index":"index","follow":"follow","max-snippet":"max-snippet:-1","max-image-preview":"max-image-preview:large","max-video-preview":"max-video-preview:-1"},"canonical":"https:\/\/www.evotec.es\/en\/contact-2\/","og_locale":"en_US","og_type":"article","og_title":"Contact - Evotec Consulting","og_description":"Rely on experts for the maintenance and security of your businessIf you have any questions, please fill out the form and we will contact you as soon as","og_url":"https:\/\/www.evotec.es\/en\/contact-2\/","og_site_name":"Evotec Consulting | Mantenimiento inform\u00e1tico","twitter_card":"summary_large_image","twitter_misc":{"Est. reading time":"2 minutes"},"schema":{"@context":"https:\/\/schema.org","@graph":[{"@type":"WebPage","@id":"https:\/\/www.evotec.es\/en\/contact-2\/","url":"https:\/\/www.evotec.es\/en\/contact-2\/","name":"Contact - Evotec Consulting","isPartOf":{"@id":"https:\/\/www.evotec.es\/#website"},"datePublished":"2025-05-28T11:12:21+00:00","description":"Rely on experts for the maintenance and security of your businessIf you have any questions, please fill out the form and we will contact you as soon as","breadcrumb":{"@id":"https:\/\/www.evotec.es\/en\/contact-2\/#breadcrumb"},"inLanguage":"en-US","potentialAction":[{"@type":"ReadAction","target":["https:\/\/www.evotec.es\/en\/contact-2\/"]}]},{"@type":"BreadcrumbList","@id":"https:\/\/www.evotec.es\/en\/contact-2\/#breadcrumb","itemListElement":[{"@type":"ListItem","position":1,"name":"Inicio","item":"https:\/\/www.evotec.es\/en\/"},{"@type":"ListItem","position":2,"name":"Contact"}]},{"@type":"WebSite","@id":"https:\/\/www.evotec.es\/#website","url":"https:\/\/www.evotec.es\/","name":"Evotec Consulting | Mantenimiento inform\u00e1tico","description":"Mantenimiento inform\u00e1tico","potentialAction":[{"@type":"SearchAction","target":{"@type":"EntryPoint","urlTemplate":"https:\/\/www.evotec.es\/?s={search_term_string}"},"query-input":{"@type":"PropertyValueSpecification","valueRequired":true,"valueName":"search_term_string"}}],"inLanguage":"en-US"}]}},"_links":{"self":[{"href":"https:\/\/www.evotec.es\/en\/wp-json\/wp\/v2\/pages\/14073","targetHints":{"allow":["GET"]}}],"collection":[{"href":"https:\/\/www.evotec.es\/en\/wp-json\/wp\/v2\/pages"}],"about":[{"href":"https:\/\/www.evotec.es\/en\/wp-json\/wp\/v2\/types\/page"}],"author":[{"embeddable":true,"href":"https:\/\/www.evotec.es\/en\/wp-json\/wp\/v2\/users\/1"}],"replies":[{"embeddable":true,"href":"https:\/\/www.evotec.es\/en\/wp-json\/wp\/v2\/comments?post=14073"}],"version-history":[{"count":4,"href":"https:\/\/www.evotec.es\/en\/wp-json\/wp\/v2\/pages\/14073\/revisions"}],"predecessor-version":[{"id":15282,"href":"https:\/\/www.evotec.es\/en\/wp-json\/wp\/v2\/pages\/14073\/revisions\/15282"}],"wp:attachment":[{"href":"https:\/\/www.evotec.es\/en\/wp-json\/wp\/v2\/media?parent=14073"}],"curies":[{"name":"wp","href":"https:\/\/api.w.org\/{rel}","templated":true}]}}