{"id":4516,"date":"2018-05-29T14:14:16","date_gmt":"2018-05-29T14:14:16","guid":{"rendered":"https:\/\/www.evotec.es\/?page_id=4516"},"modified":"2020-10-31T13:04:43","modified_gmt":"2020-10-31T13:04:43","slug":"cookie-policy","status":"publish","type":"page","link":"https:\/\/www.evotec.es\/en\/cookie-policy\/","title":{"rendered":"Cookie Policy"},"content":{"rendered":"<div class=\"wpb-content-wrapper\">[vc_row][vc_column][vc_column_text css=&#8221;.vc_custom_1527603149486{margin-top: 0px !important;margin-bottom: 0px !important;}&#8221;]\n<h1><strong><span style=\"color: #e4a221;\">Cookie<\/span>\u00a0Policy<\/strong><\/h1>\n[\/vc_column_text][vc_column_text css=&#8221;.vc_custom_1486988433425{padding-top: 2px !important;padding-right: 10px !important;padding-bottom: 2px !important;padding-left: 10px !important;background-color: #dbdbdb !important;}&#8221;][\/vc_column_text][vc_column_text]<strong>What is a &#8216;cookie&#8217;?<\/strong><\/p>\n<p>\u2018Cookies\u2019 are small files downloaded at users&#8217; terminals whenever they access specific websites. Among other things, these files allow websites to store and retrieve information about users&#8217; or computers&#8217; browsing habits, such as their language and preferred options, which can make their browsing experience easier.<\/p>\n<p>Cookies are essential to the proper functioning of the Internet, as they offer countless benefits to the delivery of interactive services, making it easy for you to browse and use our website. Cookies cannot harm your computer. When you enable them, they help identify and solve errors.<\/p>\n<p>Nonetheless, our cookies do not gather personal data, such as users&#8217; first name, last name, mailing address or similar user data.<\/p>\n<p>Cookies used in this website are listed below, explaining their names and specific purposes:<\/p>\n<table cellspacing=\"0\" cellpadding=\"0\">\n<tbody>\n<tr>\n<td valign=\"top\"><span style=\"color: #000000; font-family: Helvetica Neue; font-size: small;\"><b>Cookie<\/b><\/span><\/td>\n<td valign=\"top\"><span style=\"color: #000000; font-family: Helvetica Neue; font-size: small;\"><b>Descripci\u00f3n<\/b><\/span><\/td>\n<td valign=\"top\"><span style=\"color: #000000; font-family: Helvetica Neue; font-size: small;\"><b>Duraci\u00f3n<\/b><\/span><\/td>\n<td valign=\"top\"><span style=\"color: #000000; font-family: Helvetica Neue; font-size: small;\"><b>Categor\u00eda<\/b><\/span><\/td>\n<\/tr>\n<tr>\n<td valign=\"top\"><span style=\"color: #000000; font-family: Helvetica Neue; font-size: small;\"><b>viewed_cookie_policy<\/b><\/span><\/td>\n<td valign=\"top\"><span style=\"color: #000000; font-family: Helvetica Neue; font-size: small;\">La cookie est\u00e1 configurada por el complemento de consentimiento de cookies de GDPR y se utiliza para almacenar si el usuario ha dado su consentimiento o no para el uso de cookies. No almacena ning\u00fan dato personal.<\/span><\/td>\n<td valign=\"top\"><span style=\"color: #000000; font-family: Helvetica Neue; font-size: small;\">11 meses<\/span><\/td>\n<td valign=\"top\"><span style=\"color: #000000; font-family: Helvetica Neue; font-size: small;\">necessary<\/span><\/td>\n<\/tr>\n<tr>\n<td valign=\"top\"><span style=\"color: #000000; font-family: Helvetica Neue; font-size: small;\"><b>cookielawinfo-checkbox-necessary<\/b><\/span><\/td>\n<td valign=\"top\"><span style=\"color: #000000; font-family: Helvetica Neue; font-size: small;\">Esta cookie est\u00e1 configurada por el complemento de consentimiento de cookies de GDPR. Las cookies se utilizan para almacenar el consentimiento del usuario para las cookies en la categor\u00eda &#8220;Necesarias&#8221;.<\/span><\/td>\n<td valign=\"top\"><span style=\"color: #000000; font-family: Helvetica Neue; font-size: small;\">11 meses<\/span><\/td>\n<td valign=\"top\"><span style=\"color: #000000; font-family: Helvetica Neue; font-size: small;\">necessary<\/span><\/td>\n<\/tr>\n<tr>\n<td valign=\"top\"><span style=\"color: #000000; font-family: Helvetica Neue; font-size: small;\"><b>cookielawinfo-checkbox-non-necessary<\/b><\/span><\/td>\n<td valign=\"top\"><span style=\"color: #000000; font-family: Helvetica Neue; font-size: small;\">Esta cookie est\u00e1 configurada por el complemento de consentimiento de cookies de GDPR. Las cookies se utilizan para almacenar el consentimiento del usuario para las cookies en la categor\u00eda &#8220;No necesarias&#8221;.<\/span><\/td>\n<td valign=\"top\"><span style=\"color: #000000; font-family: Helvetica Neue; font-size: small;\">11 meses<\/span><\/td>\n<td valign=\"top\"><span style=\"color: #000000; font-family: Helvetica Neue; font-size: small;\">necessary<\/span><\/td>\n<\/tr>\n<tr>\n<td valign=\"top\"><span style=\"color: #000000; font-family: Helvetica Neue; font-size: small;\"><b>test_cookie<\/b><\/span><\/td>\n<td valign=\"top\"><span style=\"color: #000000; font-family: Helvetica Neue; font-size: small;\">El complemento DoubleClick de Google puede colocar esta cookie en nuestro sitio web para verificar si Su navegador acepta cookies El complemento DoubleClick de Google tiene como objetivo mejorar la publicidad hacia Usted<\/span><\/td>\n<td valign=\"top\"><span style=\"color: #000000; font-family: Helvetica Neue; font-size: small;\">11 meses<\/span><\/td>\n<td valign=\"top\"><span style=\"color: #000000; font-family: Helvetica Neue; font-size: small;\">non-necessary<\/span><\/td>\n<\/tr>\n<tr>\n<td valign=\"top\"><span style=\"color: #000000; font-family: Helvetica Neue; font-size: small;\"><b>_ga<\/b><\/span><\/td>\n<td valign=\"top\"><span style=\"color: #000000; font-family: Helvetica Neue; font-size: small;\">Esta cookie es instalada por Google Analytics. La cookie se utiliza para calcular los datos de visitantes, sesiones, campa\u00f1as y realizar un seguimiento del uso del sitio para el informe de an\u00e1lisis del sitio. Las cookies almacenan informaci\u00f3n de forma an\u00f3nima y asignan un n\u00famero generado aleatorio para identificar visitantes \u00fanicos.<\/span><\/td>\n<td valign=\"top\"><span style=\"color: #000000; font-family: Helvetica Neue; font-size: small;\">2 a\u00f1os<\/span><\/td>\n<td valign=\"top\"><span style=\"color: #000000; font-family: Helvetica Neue; font-size: small;\">analiticas<\/span><\/td>\n<\/tr>\n<tr>\n<td valign=\"top\"><span style=\"color: #000000; font-family: Helvetica Neue; font-size: small;\"><b>_gid<\/b><\/span><\/td>\n<td valign=\"top\"><span style=\"color: #000000; font-family: Helvetica Neue; font-size: small;\">Esta cookie es instalada por Google Analytics. La cookie se utiliza para almacenar informaci\u00f3n sobre c\u00f3mo los visitantes usan un sitio web y ayuda a crear un informe anal\u00edtico de c\u00f3mo est\u00e1 funcionando el sitio web. Los datos recopilados, incluido el n\u00famero de visitantes, la fuente de donde provienen y las p\u00e1ginas, se muestran de forma an\u00f3nima.<\/span><\/td>\n<td valign=\"top\"><span style=\"color: #000000; font-family: Helvetica Neue; font-size: small;\">1 d\u00eda<\/span><\/td>\n<td valign=\"top\"><span style=\"color: #000000; font-family: Helvetica Neue; font-size: small;\">analiticas<\/span><\/td>\n<\/tr>\n<tr>\n<td valign=\"top\"><span style=\"color: #000000; font-family: Helvetica Neue; font-size: small;\"><b>_gat_UA-6757233-1<\/b><\/span><\/td>\n<td valign=\"top\"><span style=\"color: #000000; font-family: Helvetica Neue; font-size: small;\">Esta es una cookie de tipo de patr\u00f3n establecida por Google Analytics, donde el elemento de patr\u00f3n en el nombre contiene el n\u00famero de identidad \u00fanico de la cuenta o sitio web con el que se relaciona. Parece ser una variaci\u00f3n de la cookie _gat que se utiliza para limitar la cantidad de datos registrados por Google en sitios web de alto volumen de tr\u00e1fico.<\/span><\/td>\n<td valign=\"top\"><span style=\"color: #000000; font-family: Helvetica Neue; font-size: small;\">1 minuto<\/span><\/td>\n<td valign=\"top\"><span style=\"color: #000000; font-family: Helvetica Neue; font-size: small;\">rendimiento<\/span><\/td>\n<\/tr>\n<tr>\n<td valign=\"top\"><span style=\"color: #000000; font-family: Helvetica Neue; font-size: small;\"><b>wplc_chat_status<\/b><\/span><\/td>\n<td valign=\"top\"><span style=\"color: #000000; font-family: Helvetica Neue; font-size: small;\">Cookies t\u00e9cnicas para gestionar el servicio de chat. Recoge los datos de contacto del usuarios. Nombre, correo, estado.<\/span><\/td>\n<td valign=\"top\"><span style=\"color: #000000; font-family: Helvetica Neue; font-size: small;\">1 d\u00eda<\/span><\/td>\n<td valign=\"top\"><span style=\"color: #000000; font-family: Helvetica Neue; font-size: small;\">non-necessary<\/span><\/td>\n<\/tr>\n<tr>\n<td valign=\"top\"><span style=\"color: #000000; font-family: Helvetica Neue; font-size: small;\"><b>wplc_cid<\/b><\/span><\/td>\n<td valign=\"top\"><span style=\"color: #000000; font-family: Helvetica Neue; font-size: small;\">Cookies t\u00e9cnicas para gestionar el servicio de chat. Recoge los datos de contacto del usuarios. Nombre, correo, estado.<\/span><\/td>\n<td valign=\"top\"><span style=\"color: #000000; font-family: Helvetica Neue; font-size: small;\">1 d\u00eda<\/span><\/td>\n<td valign=\"top\"><span style=\"color: #000000; font-family: Helvetica Neue; font-size: small;\">non-necessary<\/span><\/td>\n<\/tr>\n<tr>\n<td valign=\"top\"><span style=\"color: #000000; font-family: Helvetica Neue; font-size: small;\"><b>VISITOR_INFO1_LIVE<\/b><\/span><\/td>\n<td valign=\"top\"><span style=\"color: #000000; font-family: Helvetica Neue; font-size: small;\">Youtube establece esta cookie. Se utiliza para rastrear la informaci\u00f3n de los videos de YouTube incrustados en un sitio web.<\/span><\/td>\n<td valign=\"top\"><span style=\"color: #000000; font-family: Helvetica Neue; font-size: small;\">5 meses<\/span><\/td>\n<td valign=\"top\"><span style=\"color: #000000; font-family: Helvetica Neue; font-size: small;\">publicitarias<\/span><\/td>\n<\/tr>\n<tr>\n<td valign=\"top\"><span style=\"color: #000000; font-family: Helvetica Neue; font-size: small;\"><b>YSC<\/b><\/span><\/td>\n<td valign=\"top\"><span style=\"color: #000000; font-family: Helvetica Neue; font-size: small;\">Estas cookies son establecidas por Youtube y se utilizan para rastrear las vistas de videos incrustados.<\/span><\/td>\n<td valign=\"top\"><span style=\"color: #000000; font-family: Helvetica Neue; font-size: small;\">1 a\u00f1o<\/span><\/td>\n<td valign=\"top\"><span style=\"color: #000000; font-family: Helvetica Neue; font-size: small;\">rendimiento<\/span><\/td>\n<\/tr>\n<tr>\n<td valign=\"top\"><span style=\"color: #000000; font-family: Helvetica Neue; font-size: small;\"><b>GPS<\/b><\/span><\/td>\n<td valign=\"top\"><span style=\"color: #000000; font-family: Helvetica Neue; font-size: small;\">Youtube establece esta cookie y registra una identificaci\u00f3n \u00fanica para rastrear a los usuarios seg\u00fan su ubicaci\u00f3n geogr\u00e1fica.<\/span><\/td>\n<td valign=\"top\"><span style=\"color: #000000; font-family: Helvetica Neue; font-size: small;\">30 minutos<\/span><\/td>\n<td valign=\"top\"><span style=\"color: #000000; font-family: Helvetica Neue; font-size: small;\">analiticas<\/span><\/td>\n<\/tr>\n<tr>\n<td valign=\"top\"><span style=\"color: #000000; font-family: Helvetica Neue; font-size: small;\"><b>IDE<\/b><\/span><\/td>\n<td valign=\"top\"><span style=\"color: #000000; font-family: Helvetica Neue; font-size: small;\">Utilizado por Google DoubleClick y almacena informaci\u00f3n sobre c\u00f3mo el usuario utiliza el sitio web y cualquier otro anuncio antes de visitar el sitio web. Se utiliza para presentar a los usuarios anuncios que son relevantes para ellos de acuerdo con el perfil del usuario.<\/span><\/td>\n<td valign=\"top\"><span style=\"color: #000000; font-family: Helvetica Neue; font-size: small;\">2 a\u00f1os<\/span><\/td>\n<td valign=\"top\"><span style=\"color: #000000; font-family: Helvetica Neue; font-size: small;\">publicitarias<\/span><\/td>\n<\/tr>\n<\/tbody>\n<\/table>\n<p>You may allow, block or delete cookies installed on your computer through your browser settings. You can find information on how to do this on the most common browsers in the following links:<\/p>\n<p><strong>Internet Explorer:<\/strong><\/p>\n<p>v.5<br \/>\n<a href=\"http:\/\/support.microsoft.com\/kb\/196955\/es\">http:\/\/support.microsoft.com\/kb\/196955\/es<\/a><\/p>\n<p>v.6<br \/>\n<a href=\"http:\/\/support.microsoft.com\/kb\/283185\/es\">http:\/\/support.microsoft.com\/kb\/283185\/es<\/a><\/p>\n<p>v. 7 &#8211; 8<br \/>\n<a href=\"http:\/\/windows.microsoft.com\/es-ES\/windows-vista\/Block-or-allow-cookies\">http:\/\/windows.microsoft.com\/es-ES\/windows-vista\/Block-or-allow-cookies<\/a><\/p>\n<p>v. 9<br \/>\n<a href=\"http:\/\/windows.microsoft.com\/es-ES\/windows7\/How-to-manage-cookies-in-Internet-Explorer-9\">http:\/\/windows.microsoft.com\/es-ES\/windows7\/How-to-manage-cookies-in-Internet-Explorer-9<\/a><\/p>\n<p><strong>Safari:<\/strong><br \/>\n<a href=\"http:\/\/support.apple.com\/kb\/PH5042?viewlocale=es_ES\">http:\/\/support.apple.com\/kb\/PH5042?viewlocale=es_ES<\/a>\u00a0<a href=\"http:\/\/support.apple.com\/kb\/HT1677?viewlocale=es_ES\">http:\/\/support.apple.com\/kb\/HT1677?viewlocale=es_ES<\/a><\/p>\n<p><strong>Chrome:<\/strong><\/p>\n<p><a href=\"https:\/\/support.google.com\/chrome\/answer\/95647?hl=es&amp;hlrm=en\">https:\/\/support.google.com\/chrome\/answer\/95647?hl=es&amp;hlrm=en<\/a><\/p>\n<p><strong>Firefox:<\/strong><br \/>\n<a href=\"http:\/\/support.mozilla.org\/es\/kb\/cookies-informacion-que-los-sitios-web-guardan-en-?redirectlocale=en-US&amp;redirectslug=Cookies\">http:\/\/support.mozilla.org\/es\/kb\/cookies-informacion-que-los-sitios-web-guardan-en-?redirectlocale=en-US&amp;redirectslug=Cookies<\/a><\/p>\n<p><strong>Opera:<\/strong><br \/>\n<a href=\"http:\/\/help.opera.com\/Windows\/11.50\/es-ES\/cookies.html\">http:\/\/help.opera.com\/Windows\/11.50\/es-ES\/cookies.html<\/a><\/p>\n<p><strong>Android<\/strong><br \/>\n<a href=\"http:\/\/support.google.com\/android\/?hl=es\">http:\/\/support.google.com\/android\/?hl=es<\/a><\/p>\n<p><strong>Windows Phone<\/strong><br \/>\n<a href=\"http:\/\/www.windowsphone.com\/es-ES\/how-to\/wp7\/web\/changing-privacy-and-other-browser-settings\">http:\/\/www.windowsphone.com\/es-ES\/how-to\/wp7\/web\/changing-privacy-and-other-browser-settings<\/a><\/p>\n<p><strong>Blackberry<\/strong><br \/>\n<a href=\"http:\/\/docs.blackberry.com\/en\/smartphone_users\/deliverables\/18578\/Turn_off_cookies_in_the_browser_60_1072866_11.jsp\">http:\/\/docs.blackberry.com\/en\/smartphone_users\/deliverables\/18578\/Turn_off_cookies_in_the_browser_60_1072866_11.jsp<\/a><\/p>\n<p>However, note that by disabling some cookies you might prevent or hinder this website&#8217;s proper browsing or service delivery.[\/vc_column_text][\/vc_column][\/vc_row]\n<\/div>","protected":false},"excerpt":{"rendered":"<p>[vc_row][vc_column][vc_column_text css=&#8221;.vc_custom_1527603149486{margin-top: 0px !important;margin-bottom: 0px !important;}&#8221;] Cookie\u00a0Policy [\/vc_column_text][vc_column_text css=&#8221;.vc_custom_1486988433425{padding-top: 2px !important;padding-right: 10px !important;padding-bottom: 2px !important;padding-left: 10px !important;background-color: #dbdbdb !important;}&#8221;][\/vc_column_text][vc_column_text]What is a &#8216;cookie&#8217;? \u2018Cookies\u2019 are small files downloaded at users&#8217; terminals whenever they access specific websites. Among other things, these files allow websites to store and retrieve information about users&#8217; or computers&#8217; browsing habits, such as their language and preferred options, which can make their browsing&#8230; <\/p>\n<p><a class=\"readmore\" href=\"https:\/\/www.evotec.es\/en\/cookie-policy\/\">Leer m\u00e1s<\/a><\/p>\n","protected":false},"author":5,"featured_media":0,"parent":0,"menu_order":0,"comment_status":"closed","ping_status":"closed","template":"","meta":{"content-type":"","footnotes":""},"class_list":["post-4516","page","type-page","status-publish","hentry"],"yoast_head":"<!-- This site is optimized with the Yoast SEO plugin v26.9 - https:\/\/yoast.com\/product\/yoast-seo-wordpress\/ -->\n<title>Cookie Policy - Evotec Consulting<\/title>\n<meta name=\"description\" content=\"Cookie\u00a0Policy What is a &#039;cookie&#039;? \u2018Cookies\u2019 are small files downloaded at users&#039; terminals whenever they access specific websites. Among other things,\" \/>\n<meta name=\"robots\" content=\"index, follow, max-snippet:-1, max-image-preview:large, max-video-preview:-1\" \/>\n<link rel=\"canonical\" href=\"https:\/\/www.evotec.es\/en\/cookie-policy\/\" \/>\n<meta property=\"og:locale\" content=\"en_US\" \/>\n<meta property=\"og:type\" content=\"article\" \/>\n<meta property=\"og:title\" content=\"Cookie Policy - Evotec Consulting\" \/>\n<meta property=\"og:description\" content=\"Cookie\u00a0Policy What is a &#039;cookie&#039;? \u2018Cookies\u2019 are small files downloaded at users&#039; terminals whenever they access specific websites. Among other things,\" \/>\n<meta property=\"og:url\" content=\"https:\/\/www.evotec.es\/en\/cookie-policy\/\" \/>\n<meta property=\"og:site_name\" content=\"Evotec Consulting | Mantenimiento inform\u00e1tico\" \/>\n<meta property=\"article:modified_time\" content=\"2020-10-31T13:04:43+00:00\" \/>\n<meta name=\"twitter:card\" content=\"summary_large_image\" \/>\n<meta name=\"twitter:label1\" content=\"Est. reading time\" \/>\n\t<meta name=\"twitter:data1\" content=\"4 minutes\" \/>\n<script type=\"application\/ld+json\" class=\"yoast-schema-graph\">{\"@context\":\"https:\/\/schema.org\",\"@graph\":[{\"@type\":\"WebPage\",\"@id\":\"https:\/\/www.evotec.es\/en\/cookie-policy\/\",\"url\":\"https:\/\/www.evotec.es\/en\/cookie-policy\/\",\"name\":\"Cookie Policy - Evotec Consulting\",\"isPartOf\":{\"@id\":\"https:\/\/www.evotec.es\/#website\"},\"datePublished\":\"2018-05-29T14:14:16+00:00\",\"dateModified\":\"2020-10-31T13:04:43+00:00\",\"description\":\"Cookie\u00a0Policy What is a 'cookie'? \u2018Cookies\u2019 are small files downloaded at users' terminals whenever they access specific websites. Among other things,\",\"breadcrumb\":{\"@id\":\"https:\/\/www.evotec.es\/en\/cookie-policy\/#breadcrumb\"},\"inLanguage\":\"en-US\",\"potentialAction\":[{\"@type\":\"ReadAction\",\"target\":[\"https:\/\/www.evotec.es\/en\/cookie-policy\/\"]}]},{\"@type\":\"BreadcrumbList\",\"@id\":\"https:\/\/www.evotec.es\/en\/cookie-policy\/#breadcrumb\",\"itemListElement\":[{\"@type\":\"ListItem\",\"position\":1,\"name\":\"Inicio\",\"item\":\"https:\/\/www.evotec.es\/en\/\"},{\"@type\":\"ListItem\",\"position\":2,\"name\":\"Cookie Policy\"}]},{\"@type\":\"WebSite\",\"@id\":\"https:\/\/www.evotec.es\/#website\",\"url\":\"https:\/\/www.evotec.es\/\",\"name\":\"Evotec Consulting | Mantenimiento inform\u00e1tico\",\"description\":\"Mantenimiento inform\u00e1tico\",\"potentialAction\":[{\"@type\":\"SearchAction\",\"target\":{\"@type\":\"EntryPoint\",\"urlTemplate\":\"https:\/\/www.evotec.es\/?s={search_term_string}\"},\"query-input\":{\"@type\":\"PropertyValueSpecification\",\"valueRequired\":true,\"valueName\":\"search_term_string\"}}],\"inLanguage\":\"en-US\"}]}<\/script>\n<!-- \/ Yoast SEO plugin. -->","yoast_head_json":{"title":"Cookie Policy - Evotec Consulting","description":"Cookie\u00a0Policy What is a 'cookie'? \u2018Cookies\u2019 are small files downloaded at users' terminals whenever they access specific websites. Among other things,","robots":{"index":"index","follow":"follow","max-snippet":"max-snippet:-1","max-image-preview":"max-image-preview:large","max-video-preview":"max-video-preview:-1"},"canonical":"https:\/\/www.evotec.es\/en\/cookie-policy\/","og_locale":"en_US","og_type":"article","og_title":"Cookie Policy - Evotec Consulting","og_description":"Cookie\u00a0Policy What is a 'cookie'? \u2018Cookies\u2019 are small files downloaded at users' terminals whenever they access specific websites. Among other things,","og_url":"https:\/\/www.evotec.es\/en\/cookie-policy\/","og_site_name":"Evotec Consulting | Mantenimiento inform\u00e1tico","article_modified_time":"2020-10-31T13:04:43+00:00","twitter_card":"summary_large_image","twitter_misc":{"Est. reading time":"4 minutes"},"schema":{"@context":"https:\/\/schema.org","@graph":[{"@type":"WebPage","@id":"https:\/\/www.evotec.es\/en\/cookie-policy\/","url":"https:\/\/www.evotec.es\/en\/cookie-policy\/","name":"Cookie Policy - Evotec Consulting","isPartOf":{"@id":"https:\/\/www.evotec.es\/#website"},"datePublished":"2018-05-29T14:14:16+00:00","dateModified":"2020-10-31T13:04:43+00:00","description":"Cookie\u00a0Policy What is a 'cookie'? \u2018Cookies\u2019 are small files downloaded at users' terminals whenever they access specific websites. Among other things,","breadcrumb":{"@id":"https:\/\/www.evotec.es\/en\/cookie-policy\/#breadcrumb"},"inLanguage":"en-US","potentialAction":[{"@type":"ReadAction","target":["https:\/\/www.evotec.es\/en\/cookie-policy\/"]}]},{"@type":"BreadcrumbList","@id":"https:\/\/www.evotec.es\/en\/cookie-policy\/#breadcrumb","itemListElement":[{"@type":"ListItem","position":1,"name":"Inicio","item":"https:\/\/www.evotec.es\/en\/"},{"@type":"ListItem","position":2,"name":"Cookie Policy"}]},{"@type":"WebSite","@id":"https:\/\/www.evotec.es\/#website","url":"https:\/\/www.evotec.es\/","name":"Evotec Consulting | Mantenimiento inform\u00e1tico","description":"Mantenimiento inform\u00e1tico","potentialAction":[{"@type":"SearchAction","target":{"@type":"EntryPoint","urlTemplate":"https:\/\/www.evotec.es\/?s={search_term_string}"},"query-input":{"@type":"PropertyValueSpecification","valueRequired":true,"valueName":"search_term_string"}}],"inLanguage":"en-US"}]}},"_links":{"self":[{"href":"https:\/\/www.evotec.es\/en\/wp-json\/wp\/v2\/pages\/4516","targetHints":{"allow":["GET"]}}],"collection":[{"href":"https:\/\/www.evotec.es\/en\/wp-json\/wp\/v2\/pages"}],"about":[{"href":"https:\/\/www.evotec.es\/en\/wp-json\/wp\/v2\/types\/page"}],"author":[{"embeddable":true,"href":"https:\/\/www.evotec.es\/en\/wp-json\/wp\/v2\/users\/5"}],"replies":[{"embeddable":true,"href":"https:\/\/www.evotec.es\/en\/wp-json\/wp\/v2\/comments?post=4516"}],"version-history":[{"count":5,"href":"https:\/\/www.evotec.es\/en\/wp-json\/wp\/v2\/pages\/4516\/revisions"}],"predecessor-version":[{"id":6948,"href":"https:\/\/www.evotec.es\/en\/wp-json\/wp\/v2\/pages\/4516\/revisions\/6948"}],"wp:attachment":[{"href":"https:\/\/www.evotec.es\/en\/wp-json\/wp\/v2\/media?parent=4516"}],"curies":[{"name":"wp","href":"https:\/\/api.w.org\/{rel}","templated":true}]}}